{"id":103,"date":"2025-06-09T07:33:23","date_gmt":"2025-06-09T07:33:23","guid":{"rendered":"https:\/\/hanel-photonics.de\/?page_id=103"},"modified":"2025-09-19T14:54:53","modified_gmt":"2025-09-19T14:54:53","slug":"103-2","status":"publish","type":"page","link":"https:\/\/winphotonics.com\/index.php\/maximize-your-european-tender-success-in-photonics\/103-2\/","title":{"rendered":"Rechtliche Hinweise"},"content":{"rendered":"\n<p class=\"has-large-font-size\">Rechtliche Hinweise<\/p>\n\n\n\n<p><strong>Haftung f\u00fcr Inhalte<\/strong><\/p>\n\n\n\n<p>Als Diensteanbieter sind wir gem\u00e4\u00df \u00a7 7 Abs.1 TMG f\u00fcr eigene Inhalte auf diesen Seiten verantwortlich. Nach \u00a7\u00a7 8 bis 10 TMG sind wir jedoch nicht verpflichtet, \u00fcbermittelte oder gespeicherte fremde Informationen zu \u00fcberwachen oder nach Umst\u00e4nden zu forschen, die auf eine rechtswidrige T\u00e4tigkeit hinweisen. Verpflichtungen zur Entfernung oder Sperrung der Nutzung von Informationen nach den allgemeinen Gesetzen bleiben hiervon unber\u00fchrt. Eine diesbez\u00fcgliche Haftung ist erst ab dem Zeitpunkt der Kenntnis einer konkreten Rechtsverletzung m\u00f6glich. Bei Bekanntwerden von entsprechenden Rechtsverletzungen werden wir diese Inhalte umgehend entfernen.<\/p>\n\n\n\n<hr class=\"wp-block-separator has-alpha-channel-opacity\"\/>\n\n\n\n<p><strong>Haftung f\u00fcr Links<\/strong><\/p>\n\n\n\n<p>Unser Angebot enth\u00e4lt Links zu externen Websites Dritter, auf deren Inhalte wir keinen Einfluss haben. Deshalb k\u00f6nnen wir f\u00fcr diese fremden Inhalte auch keine Gew\u00e4hr \u00fcbernehmen. F\u00fcr die Inhalte der verlinkten Seiten ist stets der jeweilige Anbieter oder Betreiber der Seiten verantwortlich. Die verlinkten Seiten wurden zum Zeitpunkt der Verlinkung auf m\u00f6gliche Rechtsverst\u00f6\u00dfe \u00fcberpr\u00fcft. Rechtswidrige Inhalte waren zum Zeitpunkt der Verlinkung nicht erkennbar. Eine permanente inhaltliche Kontrolle der verlinkten Seiten ist jedoch ohne konkrete Anhaltspunkte einer Rechtsverletzung nicht zumutbar. Bei Bekanntwerden von Rechtsverletzungen werden wir derartige Links umgehend entfernen.<\/p>\n\n\n\n<hr class=\"wp-block-separator has-alpha-channel-opacity\"\/>\n\n\n\n<p><strong>Copyright<\/strong><\/p>\n\n\n\n<p>Der von den Seitenbetreibern auf diesen Seiten erstellte Inhalt und die Werke unterliegen dem deutschen Urheberrecht. Die Vervielf\u00e4ltigung, Bearbeitung, Verbreitung und jede Art der Verwertung au\u00dferhalb der Grenzen des Urheberrechts bed\u00fcrfen der schriftlichen Zustimmung des jeweiligen Autors bzw. Erstellers. Downloads und Kopien dieser Seite sind nur f\u00fcr den privaten, nicht kommerziellen Gebrauch gestattet. Soweit die Inhalte auf dieser Seite nicht vom Betreiber erstellt wurden, werden die Urheberrechte Dritter beachtet. Insbesondere werden Inhalte Dritter als solche gekennzeichnet. Sollten Sie dennoch auf eine Urheberrechtsverletzung aufmerksam werden, bitten wir um einen entsprechenden Hinweis. Bei Bekanntwerden von Rechtsverletzungen werden wir derartige Inhalte umgehend entfernen.<\/p>\n\n\n\n<p><strong>Streitbeilegung<\/strong><\/p>\n\n\n\n<p>Die Europ\u00e4ische Kommission stellt eine Plattform zur Online-Streitbeilegung (OS) bereit: https:\/\/ec.europa.eu\/consumers\/odr\/ Unsere E-Mail-Adresse finden Sie oben im Impressum.<\/p>\n\n\n\n<p>Wir sind nicht bereit oder verpflichtet, an Streitbeilegungsverfahren vor einer Verbraucherschlichtungsstelle teilzunehmen.<\/p>\n","protected":false},"excerpt":{"rendered":"<p>Rechtliche Hinweise Haftung f\u00fcr Inhalte Als Diensteanbieter sind wir gem\u00e4\u00df \u00a7 7 Abs.1 TMG f\u00fcr eigene Inhalte auf diesen Seiten verantwortlich. Nach \u00a7\u00a7 8 bis 10 TMG sind wir jedoch nicht verpflichtet, \u00fcbermittelte oder gespeicherte fremde Informationen zu \u00fcberwachen oder nach Umst\u00e4nden zu forschen, die auf eine rechtswidrige T\u00e4tigkeit hinweisen. Verpflichtungen zur Entfernung oder Sperrung [&hellip;]<\/p>\n","protected":false},"author":1,"featured_media":0,"parent":83,"menu_order":0,"comment_status":"closed","ping_status":"closed","template":"","meta":{"footnotes":""},"class_list":["post-103","page","type-page","status-publish","hentry"],"blocksy_meta":[],"yoast_head":"<!-- This site is optimized with the Yoast SEO plugin v26.2 - https:\/\/yoast.com\/wordpress\/plugins\/seo\/ -->\n<title>Rechtliche Hinweise - WinPhotonics<\/title>\n<meta name=\"robots\" content=\"index, follow, max-snippet:-1, max-image-preview:large, max-video-preview:-1\" \/>\n<link rel=\"canonical\" href=\"https:\/\/winphotonics.com\/index.php\/maximize-your-european-tender-success-in-photonics\/103-2\/\" \/>\n<meta property=\"og:locale\" content=\"en_US\" \/>\n<meta property=\"og:type\" content=\"article\" \/>\n<meta property=\"og:title\" content=\"Rechtliche Hinweise - WinPhotonics\" \/>\n<meta property=\"og:description\" content=\"Rechtliche Hinweise Haftung f\u00fcr Inhalte Als Diensteanbieter sind wir gem\u00e4\u00df \u00a7 7 Abs.1 TMG f\u00fcr eigene Inhalte auf diesen Seiten verantwortlich. Nach \u00a7\u00a7 8 bis 10 TMG sind wir jedoch nicht verpflichtet, \u00fcbermittelte oder gespeicherte fremde Informationen zu \u00fcberwachen oder nach Umst\u00e4nden zu forschen, die auf eine rechtswidrige T\u00e4tigkeit hinweisen. Verpflichtungen zur Entfernung oder Sperrung [&hellip;]\" \/>\n<meta property=\"og:url\" content=\"https:\/\/winphotonics.com\/index.php\/maximize-your-european-tender-success-in-photonics\/103-2\/\" \/>\n<meta property=\"og:site_name\" content=\"WinPhotonics\" \/>\n<meta property=\"article:modified_time\" content=\"2025-09-19T14:54:53+00:00\" \/>\n<meta name=\"twitter:card\" content=\"summary_large_image\" \/>\n<meta name=\"twitter:label1\" content=\"Est. reading time\" \/>\n\t<meta name=\"twitter:data1\" content=\"2 minutes\" \/>\n<script type=\"application\/ld+json\" class=\"yoast-schema-graph\">{\"@context\":\"https:\/\/schema.org\",\"@graph\":[{\"@type\":\"WebPage\",\"@id\":\"https:\/\/winphotonics.com\/index.php\/maximize-your-european-tender-success-in-photonics\/103-2\/\",\"url\":\"https:\/\/winphotonics.com\/index.php\/maximize-your-european-tender-success-in-photonics\/103-2\/\",\"name\":\"Rechtliche Hinweise - WinPhotonics\",\"isPartOf\":{\"@id\":\"https:\/\/winphotonics.com\/#website\"},\"datePublished\":\"2025-06-09T07:33:23+00:00\",\"dateModified\":\"2025-09-19T14:54:53+00:00\",\"breadcrumb\":{\"@id\":\"https:\/\/winphotonics.com\/index.php\/maximize-your-european-tender-success-in-photonics\/103-2\/#breadcrumb\"},\"inLanguage\":\"en-US\",\"potentialAction\":[{\"@type\":\"ReadAction\",\"target\":[\"https:\/\/winphotonics.com\/index.php\/maximize-your-european-tender-success-in-photonics\/103-2\/\"]}]},{\"@type\":\"BreadcrumbList\",\"@id\":\"https:\/\/winphotonics.com\/index.php\/maximize-your-european-tender-success-in-photonics\/103-2\/#breadcrumb\",\"itemListElement\":[{\"@type\":\"ListItem\",\"position\":1,\"name\":\"Home\",\"item\":\"https:\/\/winphotonics.com\/\"},{\"@type\":\"ListItem\",\"position\":2,\"name\":\"Home\",\"item\":\"https:\/\/winphotonics.com\/\"},{\"@type\":\"ListItem\",\"position\":3,\"name\":\"Rechtliche Hinweise\"}]},{\"@type\":\"WebSite\",\"@id\":\"https:\/\/winphotonics.com\/#website\",\"url\":\"https:\/\/winphotonics.com\/\",\"name\":\"WinPhotonics\",\"description\":\"Strategic Tender Support for Photonics Manufacturers\",\"publisher\":{\"@id\":\"https:\/\/winphotonics.com\/#organization\"},\"potentialAction\":[{\"@type\":\"SearchAction\",\"target\":{\"@type\":\"EntryPoint\",\"urlTemplate\":\"https:\/\/winphotonics.com\/?s={search_term_string}\"},\"query-input\":{\"@type\":\"PropertyValueSpecification\",\"valueRequired\":true,\"valueName\":\"search_term_string\"}}],\"inLanguage\":\"en-US\"},{\"@type\":\"Organization\",\"@id\":\"https:\/\/winphotonics.com\/#organization\",\"name\":\"WinPhotonics\",\"url\":\"https:\/\/winphotonics.com\/\",\"logo\":{\"@type\":\"ImageObject\",\"inLanguage\":\"en-US\",\"@id\":\"https:\/\/winphotonics.com\/#\/schema\/logo\/image\/\",\"url\":\"https:\/\/winphotonics.com\/wp-content\/uploads\/2025\/06\/logo-e1749498514323.png\",\"contentUrl\":\"https:\/\/winphotonics.com\/wp-content\/uploads\/2025\/06\/logo-e1749498514323.png\",\"width\":80,\"height\":80,\"caption\":\"WinPhotonics\"},\"image\":{\"@id\":\"https:\/\/winphotonics.com\/#\/schema\/logo\/image\/\"}}]}<\/script>\n<!-- \/ Yoast SEO plugin. -->","yoast_head_json":{"title":"Rechtliche Hinweise - WinPhotonics","robots":{"index":"index","follow":"follow","max-snippet":"max-snippet:-1","max-image-preview":"max-image-preview:large","max-video-preview":"max-video-preview:-1"},"canonical":"https:\/\/winphotonics.com\/index.php\/maximize-your-european-tender-success-in-photonics\/103-2\/","og_locale":"en_US","og_type":"article","og_title":"Rechtliche Hinweise - WinPhotonics","og_description":"Rechtliche Hinweise Haftung f\u00fcr Inhalte Als Diensteanbieter sind wir gem\u00e4\u00df \u00a7 7 Abs.1 TMG f\u00fcr eigene Inhalte auf diesen Seiten verantwortlich. Nach \u00a7\u00a7 8 bis 10 TMG sind wir jedoch nicht verpflichtet, \u00fcbermittelte oder gespeicherte fremde Informationen zu \u00fcberwachen oder nach Umst\u00e4nden zu forschen, die auf eine rechtswidrige T\u00e4tigkeit hinweisen. Verpflichtungen zur Entfernung oder Sperrung [&hellip;]","og_url":"https:\/\/winphotonics.com\/index.php\/maximize-your-european-tender-success-in-photonics\/103-2\/","og_site_name":"WinPhotonics","article_modified_time":"2025-09-19T14:54:53+00:00","twitter_card":"summary_large_image","twitter_misc":{"Est. reading time":"2 minutes"},"schema":{"@context":"https:\/\/schema.org","@graph":[{"@type":"WebPage","@id":"https:\/\/winphotonics.com\/index.php\/maximize-your-european-tender-success-in-photonics\/103-2\/","url":"https:\/\/winphotonics.com\/index.php\/maximize-your-european-tender-success-in-photonics\/103-2\/","name":"Rechtliche Hinweise - WinPhotonics","isPartOf":{"@id":"https:\/\/winphotonics.com\/#website"},"datePublished":"2025-06-09T07:33:23+00:00","dateModified":"2025-09-19T14:54:53+00:00","breadcrumb":{"@id":"https:\/\/winphotonics.com\/index.php\/maximize-your-european-tender-success-in-photonics\/103-2\/#breadcrumb"},"inLanguage":"en-US","potentialAction":[{"@type":"ReadAction","target":["https:\/\/winphotonics.com\/index.php\/maximize-your-european-tender-success-in-photonics\/103-2\/"]}]},{"@type":"BreadcrumbList","@id":"https:\/\/winphotonics.com\/index.php\/maximize-your-european-tender-success-in-photonics\/103-2\/#breadcrumb","itemListElement":[{"@type":"ListItem","position":1,"name":"Home","item":"https:\/\/winphotonics.com\/"},{"@type":"ListItem","position":2,"name":"Home","item":"https:\/\/winphotonics.com\/"},{"@type":"ListItem","position":3,"name":"Rechtliche Hinweise"}]},{"@type":"WebSite","@id":"https:\/\/winphotonics.com\/#website","url":"https:\/\/winphotonics.com\/","name":"WinPhotonics","description":"Strategic Tender Support for Photonics Manufacturers","publisher":{"@id":"https:\/\/winphotonics.com\/#organization"},"potentialAction":[{"@type":"SearchAction","target":{"@type":"EntryPoint","urlTemplate":"https:\/\/winphotonics.com\/?s={search_term_string}"},"query-input":{"@type":"PropertyValueSpecification","valueRequired":true,"valueName":"search_term_string"}}],"inLanguage":"en-US"},{"@type":"Organization","@id":"https:\/\/winphotonics.com\/#organization","name":"WinPhotonics","url":"https:\/\/winphotonics.com\/","logo":{"@type":"ImageObject","inLanguage":"en-US","@id":"https:\/\/winphotonics.com\/#\/schema\/logo\/image\/","url":"https:\/\/winphotonics.com\/wp-content\/uploads\/2025\/06\/logo-e1749498514323.png","contentUrl":"https:\/\/winphotonics.com\/wp-content\/uploads\/2025\/06\/logo-e1749498514323.png","width":80,"height":80,"caption":"WinPhotonics"},"image":{"@id":"https:\/\/winphotonics.com\/#\/schema\/logo\/image\/"}}]}},"_links":{"self":[{"href":"https:\/\/winphotonics.com\/index.php\/wp-json\/wp\/v2\/pages\/103","targetHints":{"allow":["GET"]}}],"collection":[{"href":"https:\/\/winphotonics.com\/index.php\/wp-json\/wp\/v2\/pages"}],"about":[{"href":"https:\/\/winphotonics.com\/index.php\/wp-json\/wp\/v2\/types\/page"}],"author":[{"embeddable":true,"href":"https:\/\/winphotonics.com\/index.php\/wp-json\/wp\/v2\/users\/1"}],"replies":[{"embeddable":true,"href":"https:\/\/winphotonics.com\/index.php\/wp-json\/wp\/v2\/comments?post=103"}],"version-history":[{"count":6,"href":"https:\/\/winphotonics.com\/index.php\/wp-json\/wp\/v2\/pages\/103\/revisions"}],"predecessor-version":[{"id":299,"href":"https:\/\/winphotonics.com\/index.php\/wp-json\/wp\/v2\/pages\/103\/revisions\/299"}],"up":[{"embeddable":true,"href":"https:\/\/winphotonics.com\/index.php\/wp-json\/wp\/v2\/pages\/83"}],"wp:attachment":[{"href":"https:\/\/winphotonics.com\/index.php\/wp-json\/wp\/v2\/media?parent=103"}],"curies":[{"name":"wp","href":"https:\/\/api.w.org\/{rel}","templated":true}]}}