{"id":108,"date":"2025-06-09T07:54:00","date_gmt":"2025-06-09T07:54:00","guid":{"rendered":"https:\/\/hanel-photonics.de\/?page_id=108"},"modified":"2026-03-30T05:19:18","modified_gmt":"2026-03-30T05:19:18","slug":"contact-us","status":"publish","type":"page","link":"https:\/\/winphotonics.com\/index.php\/maximize-your-european-tender-success-in-photonics\/contact-us\/","title":{"rendered":"Kontakt"},"content":{"rendered":"\n<p class=\"has-large-font-size\"><strong>Kontakt<\/strong><\/p>\n\n\n\n<p class=\"has-medium-font-size\">WinPhotonics agiert vom Standort Berlin aus als strategischer Partner f\u00fcr Ihre europ\u00e4ischen Ausschreibungsverfahren. Wir freuen uns auf Ihre Nachricht und garantieren eine R\u00fcckmeldung innerhalb von 24 Stunden.<\/p>\n\n\n\n<div class=\"wp-block-columns is-layout-flex wp-container-core-columns-is-layout-28f84493 wp-block-columns-is-layout-flex\">\n<div class=\"wp-block-column is-layout-flow wp-block-column-is-layout-flow\">\n<p class=\"has-medium-font-size\"><strong>Email<\/strong>: info@winphotonics.com<\/p>\n<\/div>\n\n\n\n<div class=\"wp-block-column is-layout-flow wp-block-column-is-layout-flow\">\n<p class=\"has-medium-font-size\"><strong>Mobil<\/strong>: +49 177 7531 405<br><strong>Tel<\/strong>: +49 30 5464 5893<\/p>\n\n\n\n<p><\/p>\n\n\n\n<p><\/p>\n<\/div>\n\n\n\n<div class=\"wp-block-column is-layout-flow wp-block-column-is-layout-flow\">\n<p class=\"has-medium-font-size\">Goethepark 9, 10627 Berlin<\/p>\n<\/div>\n<\/div>\n\n\n\n<p class=\"has-medium-font-size\"><\/p>\n\n\n\n<p class=\"has-medium-font-size\"><\/p>\n\n\n\n<p class=\"has-medium-font-size\"><\/p>\n\n\n\n<p class=\"has-medium-font-size\"><\/p>\n\n\n\n<p><\/p>\n","protected":false},"excerpt":{"rendered":"<p>Kontakt WinPhotonics agiert vom Standort Berlin aus als strategischer Partner f\u00fcr Ihre europ\u00e4ischen Ausschreibungsverfahren. Wir freuen uns auf Ihre Nachricht und garantieren eine R\u00fcckmeldung innerhalb von 24 Stunden. Email: info@winphotonics.com Mobil: +49 177 7531 405Tel: +49 30 5464 5893 Goethepark 9, 10627 Berlin<\/p>\n","protected":false},"author":1,"featured_media":0,"parent":83,"menu_order":0,"comment_status":"closed","ping_status":"closed","template":"","meta":{"footnotes":""},"class_list":["post-108","page","type-page","status-publish","hentry"],"blocksy_meta":[],"yoast_head":"<!-- This site is optimized with the Yoast SEO plugin v26.2 - https:\/\/yoast.com\/wordpress\/plugins\/seo\/ -->\n<title>Kontakt - WinPhotonics<\/title>\n<meta name=\"robots\" content=\"index, follow, max-snippet:-1, max-image-preview:large, max-video-preview:-1\" \/>\n<link rel=\"canonical\" href=\"https:\/\/winphotonics.com\/index.php\/maximize-your-european-tender-success-in-photonics\/contact-us\/\" \/>\n<meta property=\"og:locale\" content=\"en_US\" \/>\n<meta property=\"og:type\" content=\"article\" \/>\n<meta property=\"og:title\" content=\"Kontakt - WinPhotonics\" \/>\n<meta property=\"og:description\" content=\"Kontakt WinPhotonics agiert vom Standort Berlin aus als strategischer Partner f\u00fcr Ihre europ\u00e4ischen Ausschreibungsverfahren. Wir freuen uns auf Ihre Nachricht und garantieren eine R\u00fcckmeldung innerhalb von 24 Stunden. Email: info@winphotonics.com Mobil: +49 177 7531 405Tel: +49 30 5464 5893 Goethepark 9, 10627 Berlin\" \/>\n<meta property=\"og:url\" content=\"https:\/\/winphotonics.com\/index.php\/maximize-your-european-tender-success-in-photonics\/contact-us\/\" \/>\n<meta property=\"og:site_name\" content=\"WinPhotonics\" \/>\n<meta property=\"article:modified_time\" content=\"2026-03-30T05:19:18+00:00\" \/>\n<meta name=\"twitter:card\" content=\"summary_large_image\" \/>\n<meta name=\"twitter:label1\" content=\"Est. reading time\" \/>\n\t<meta name=\"twitter:data1\" content=\"1 minute\" \/>\n<script type=\"application\/ld+json\" class=\"yoast-schema-graph\">{\"@context\":\"https:\/\/schema.org\",\"@graph\":[{\"@type\":\"WebPage\",\"@id\":\"https:\/\/winphotonics.com\/index.php\/maximize-your-european-tender-success-in-photonics\/contact-us\/\",\"url\":\"https:\/\/winphotonics.com\/index.php\/maximize-your-european-tender-success-in-photonics\/contact-us\/\",\"name\":\"Kontakt - WinPhotonics\",\"isPartOf\":{\"@id\":\"https:\/\/winphotonics.com\/#website\"},\"datePublished\":\"2025-06-09T07:54:00+00:00\",\"dateModified\":\"2026-03-30T05:19:18+00:00\",\"breadcrumb\":{\"@id\":\"https:\/\/winphotonics.com\/index.php\/maximize-your-european-tender-success-in-photonics\/contact-us\/#breadcrumb\"},\"inLanguage\":\"en-US\",\"potentialAction\":[{\"@type\":\"ReadAction\",\"target\":[\"https:\/\/winphotonics.com\/index.php\/maximize-your-european-tender-success-in-photonics\/contact-us\/\"]}]},{\"@type\":\"BreadcrumbList\",\"@id\":\"https:\/\/winphotonics.com\/index.php\/maximize-your-european-tender-success-in-photonics\/contact-us\/#breadcrumb\",\"itemListElement\":[{\"@type\":\"ListItem\",\"position\":1,\"name\":\"Home\",\"item\":\"https:\/\/winphotonics.com\/\"},{\"@type\":\"ListItem\",\"position\":2,\"name\":\"Home\",\"item\":\"https:\/\/winphotonics.com\/\"},{\"@type\":\"ListItem\",\"position\":3,\"name\":\"Kontakt\"}]},{\"@type\":\"WebSite\",\"@id\":\"https:\/\/winphotonics.com\/#website\",\"url\":\"https:\/\/winphotonics.com\/\",\"name\":\"WinPhotonics\",\"description\":\"Strategic Tender Support for Photonics Manufacturers\",\"publisher\":{\"@id\":\"https:\/\/winphotonics.com\/#organization\"},\"potentialAction\":[{\"@type\":\"SearchAction\",\"target\":{\"@type\":\"EntryPoint\",\"urlTemplate\":\"https:\/\/winphotonics.com\/?s={search_term_string}\"},\"query-input\":{\"@type\":\"PropertyValueSpecification\",\"valueRequired\":true,\"valueName\":\"search_term_string\"}}],\"inLanguage\":\"en-US\"},{\"@type\":\"Organization\",\"@id\":\"https:\/\/winphotonics.com\/#organization\",\"name\":\"WinPhotonics\",\"url\":\"https:\/\/winphotonics.com\/\",\"logo\":{\"@type\":\"ImageObject\",\"inLanguage\":\"en-US\",\"@id\":\"https:\/\/winphotonics.com\/#\/schema\/logo\/image\/\",\"url\":\"https:\/\/winphotonics.com\/wp-content\/uploads\/2025\/06\/logo-e1749498514323.png\",\"contentUrl\":\"https:\/\/winphotonics.com\/wp-content\/uploads\/2025\/06\/logo-e1749498514323.png\",\"width\":80,\"height\":80,\"caption\":\"WinPhotonics\"},\"image\":{\"@id\":\"https:\/\/winphotonics.com\/#\/schema\/logo\/image\/\"}}]}<\/script>\n<!-- \/ Yoast SEO plugin. -->","yoast_head_json":{"title":"Kontakt - WinPhotonics","robots":{"index":"index","follow":"follow","max-snippet":"max-snippet:-1","max-image-preview":"max-image-preview:large","max-video-preview":"max-video-preview:-1"},"canonical":"https:\/\/winphotonics.com\/index.php\/maximize-your-european-tender-success-in-photonics\/contact-us\/","og_locale":"en_US","og_type":"article","og_title":"Kontakt - WinPhotonics","og_description":"Kontakt WinPhotonics agiert vom Standort Berlin aus als strategischer Partner f\u00fcr Ihre europ\u00e4ischen Ausschreibungsverfahren. Wir freuen uns auf Ihre Nachricht und garantieren eine R\u00fcckmeldung innerhalb von 24 Stunden. Email: info@winphotonics.com Mobil: +49 177 7531 405Tel: +49 30 5464 5893 Goethepark 9, 10627 Berlin","og_url":"https:\/\/winphotonics.com\/index.php\/maximize-your-european-tender-success-in-photonics\/contact-us\/","og_site_name":"WinPhotonics","article_modified_time":"2026-03-30T05:19:18+00:00","twitter_card":"summary_large_image","twitter_misc":{"Est. reading time":"1 minute"},"schema":{"@context":"https:\/\/schema.org","@graph":[{"@type":"WebPage","@id":"https:\/\/winphotonics.com\/index.php\/maximize-your-european-tender-success-in-photonics\/contact-us\/","url":"https:\/\/winphotonics.com\/index.php\/maximize-your-european-tender-success-in-photonics\/contact-us\/","name":"Kontakt - WinPhotonics","isPartOf":{"@id":"https:\/\/winphotonics.com\/#website"},"datePublished":"2025-06-09T07:54:00+00:00","dateModified":"2026-03-30T05:19:18+00:00","breadcrumb":{"@id":"https:\/\/winphotonics.com\/index.php\/maximize-your-european-tender-success-in-photonics\/contact-us\/#breadcrumb"},"inLanguage":"en-US","potentialAction":[{"@type":"ReadAction","target":["https:\/\/winphotonics.com\/index.php\/maximize-your-european-tender-success-in-photonics\/contact-us\/"]}]},{"@type":"BreadcrumbList","@id":"https:\/\/winphotonics.com\/index.php\/maximize-your-european-tender-success-in-photonics\/contact-us\/#breadcrumb","itemListElement":[{"@type":"ListItem","position":1,"name":"Home","item":"https:\/\/winphotonics.com\/"},{"@type":"ListItem","position":2,"name":"Home","item":"https:\/\/winphotonics.com\/"},{"@type":"ListItem","position":3,"name":"Kontakt"}]},{"@type":"WebSite","@id":"https:\/\/winphotonics.com\/#website","url":"https:\/\/winphotonics.com\/","name":"WinPhotonics","description":"Strategic Tender Support for Photonics Manufacturers","publisher":{"@id":"https:\/\/winphotonics.com\/#organization"},"potentialAction":[{"@type":"SearchAction","target":{"@type":"EntryPoint","urlTemplate":"https:\/\/winphotonics.com\/?s={search_term_string}"},"query-input":{"@type":"PropertyValueSpecification","valueRequired":true,"valueName":"search_term_string"}}],"inLanguage":"en-US"},{"@type":"Organization","@id":"https:\/\/winphotonics.com\/#organization","name":"WinPhotonics","url":"https:\/\/winphotonics.com\/","logo":{"@type":"ImageObject","inLanguage":"en-US","@id":"https:\/\/winphotonics.com\/#\/schema\/logo\/image\/","url":"https:\/\/winphotonics.com\/wp-content\/uploads\/2025\/06\/logo-e1749498514323.png","contentUrl":"https:\/\/winphotonics.com\/wp-content\/uploads\/2025\/06\/logo-e1749498514323.png","width":80,"height":80,"caption":"WinPhotonics"},"image":{"@id":"https:\/\/winphotonics.com\/#\/schema\/logo\/image\/"}}]}},"_links":{"self":[{"href":"https:\/\/winphotonics.com\/index.php\/wp-json\/wp\/v2\/pages\/108","targetHints":{"allow":["GET"]}}],"collection":[{"href":"https:\/\/winphotonics.com\/index.php\/wp-json\/wp\/v2\/pages"}],"about":[{"href":"https:\/\/winphotonics.com\/index.php\/wp-json\/wp\/v2\/types\/page"}],"author":[{"embeddable":true,"href":"https:\/\/winphotonics.com\/index.php\/wp-json\/wp\/v2\/users\/1"}],"replies":[{"embeddable":true,"href":"https:\/\/winphotonics.com\/index.php\/wp-json\/wp\/v2\/comments?post=108"}],"version-history":[{"count":14,"href":"https:\/\/winphotonics.com\/index.php\/wp-json\/wp\/v2\/pages\/108\/revisions"}],"predecessor-version":[{"id":415,"href":"https:\/\/winphotonics.com\/index.php\/wp-json\/wp\/v2\/pages\/108\/revisions\/415"}],"up":[{"embeddable":true,"href":"https:\/\/winphotonics.com\/index.php\/wp-json\/wp\/v2\/pages\/83"}],"wp:attachment":[{"href":"https:\/\/winphotonics.com\/index.php\/wp-json\/wp\/v2\/media?parent=108"}],"curies":[{"name":"wp","href":"https:\/\/api.w.org\/{rel}","templated":true}]}}