{"id":94,"date":"2025-06-09T06:58:08","date_gmt":"2025-06-09T06:58:08","guid":{"rendered":"https:\/\/hanel-photonics.de\/?page_id=94"},"modified":"2026-01-18T09:35:43","modified_gmt":"2026-01-18T09:35:43","slug":"about-hanel-photonics","status":"publish","type":"page","link":"https:\/\/winphotonics.com\/index.php\/maximize-your-european-tender-success-in-photonics\/about-hanel-photonics\/","title":{"rendered":"\u00dcber uns"},"content":{"rendered":"\n<p class=\"has-large-font-size\"><strong>\u00dcber WinPhotonics<\/strong><\/p>\n\n\n\n<p class=\"has-medium-font-size\">Bei WinPhotonics sind wir mehr als nur Ausschreibungsberater. Wir sind hochspezialisierte Photonik-Experten, die sich der Aufgabe verschrieben haben, Herstellern dabei zu helfen, entscheidende Ausschreibungen zu gewinnen. Mit einem fundierten Verst\u00e4ndnis der Photonik-Technologie und einem strategischen Blick auf den globalen Markt bringen wir starke technische Expertise, sorgf\u00e4ltige Analyse und klare Kommunikation in Ihre Ausschreibungen ein, um Ihren Erfolg zu sichern.<\/p>\n\n\n\n<p class=\"has-medium-font-size\">Hochkar\u00e4tige Auftr\u00e4ge erfordern Pr\u00e4zision, strategische Weitsicht und einen Partner, der Ihre Technologie wirklich versteht. Wir sorgen daf\u00fcr, dass Ihre Angebote aus der Masse hervorstechen und positionieren Ihr Unternehmen f\u00fcr nachhaltigen Erfolg im wettbewerbsintensiven Photonik-Markt.<\/p>\n\n\n\n<p class=\"has-medium-font-size\"><strong>Christoph Przeszlakowski<\/strong><br>Meine berufliche Laufbahn umfasst vier Jahre Produktentwicklung bei Eagleyard Photonics, mit Fokus auf DFB- und DBR-Laserdioden sowie Halbleiterverst\u00e4rker. Dem schlossen sich bis 2020 sieben Jahre erfolgreiche Selbst\u00e4ndigkeit im technischen Vertrieb f\u00fcr Unternehmen wie MOGLabs und Photodigm an. Aktuell arbeite ich bei APE Berlin in der Inbetriebnahme und im Service von Pikosekunden-Lasern. Gleichzeitig berate ich mit WinPhotonics Unternehmen bei der Teilnahme an \u00f6ffentlichen Ausschreibungen.<\/p>\n\n\n\n<p><\/p>\n","protected":false},"excerpt":{"rendered":"<p>\u00dcber WinPhotonics Bei WinPhotonics sind wir mehr als nur Ausschreibungsberater. Wir sind hochspezialisierte Photonik-Experten, die sich der Aufgabe verschrieben haben, Herstellern dabei zu helfen, entscheidende Ausschreibungen zu gewinnen. Mit einem fundierten Verst\u00e4ndnis der Photonik-Technologie und einem strategischen Blick auf den globalen Markt bringen wir starke technische Expertise, sorgf\u00e4ltige Analyse und klare Kommunikation in Ihre Ausschreibungen [&hellip;]<\/p>\n","protected":false},"author":1,"featured_media":0,"parent":83,"menu_order":0,"comment_status":"closed","ping_status":"closed","template":"","meta":{"footnotes":""},"class_list":["post-94","page","type-page","status-publish","hentry"],"blocksy_meta":[],"yoast_head":"<!-- This site is optimized with the Yoast SEO plugin v26.2 - https:\/\/yoast.com\/wordpress\/plugins\/seo\/ -->\n<title>\u00dcber uns - WinPhotonics<\/title>\n<meta name=\"robots\" content=\"index, follow, max-snippet:-1, max-image-preview:large, max-video-preview:-1\" \/>\n<link rel=\"canonical\" href=\"https:\/\/winphotonics.com\/index.php\/maximize-your-european-tender-success-in-photonics\/about-hanel-photonics\/\" \/>\n<meta property=\"og:locale\" content=\"en_US\" \/>\n<meta property=\"og:type\" content=\"article\" \/>\n<meta property=\"og:title\" content=\"\u00dcber uns - WinPhotonics\" \/>\n<meta property=\"og:description\" content=\"\u00dcber WinPhotonics Bei WinPhotonics sind wir mehr als nur Ausschreibungsberater. Wir sind hochspezialisierte Photonik-Experten, die sich der Aufgabe verschrieben haben, Herstellern dabei zu helfen, entscheidende Ausschreibungen zu gewinnen. Mit einem fundierten Verst\u00e4ndnis der Photonik-Technologie und einem strategischen Blick auf den globalen Markt bringen wir starke technische Expertise, sorgf\u00e4ltige Analyse und klare Kommunikation in Ihre Ausschreibungen [&hellip;]\" \/>\n<meta property=\"og:url\" content=\"https:\/\/winphotonics.com\/index.php\/maximize-your-european-tender-success-in-photonics\/about-hanel-photonics\/\" \/>\n<meta property=\"og:site_name\" content=\"WinPhotonics\" \/>\n<meta property=\"article:modified_time\" content=\"2026-01-18T09:35:43+00:00\" \/>\n<meta name=\"twitter:card\" content=\"summary_large_image\" \/>\n<meta name=\"twitter:label1\" content=\"Est. reading time\" \/>\n\t<meta name=\"twitter:data1\" content=\"1 minute\" \/>\n<script type=\"application\/ld+json\" class=\"yoast-schema-graph\">{\"@context\":\"https:\/\/schema.org\",\"@graph\":[{\"@type\":\"WebPage\",\"@id\":\"https:\/\/winphotonics.com\/index.php\/maximize-your-european-tender-success-in-photonics\/about-hanel-photonics\/\",\"url\":\"https:\/\/winphotonics.com\/index.php\/maximize-your-european-tender-success-in-photonics\/about-hanel-photonics\/\",\"name\":\"\u00dcber uns - WinPhotonics\",\"isPartOf\":{\"@id\":\"https:\/\/winphotonics.com\/#website\"},\"datePublished\":\"2025-06-09T06:58:08+00:00\",\"dateModified\":\"2026-01-18T09:35:43+00:00\",\"breadcrumb\":{\"@id\":\"https:\/\/winphotonics.com\/index.php\/maximize-your-european-tender-success-in-photonics\/about-hanel-photonics\/#breadcrumb\"},\"inLanguage\":\"en-US\",\"potentialAction\":[{\"@type\":\"ReadAction\",\"target\":[\"https:\/\/winphotonics.com\/index.php\/maximize-your-european-tender-success-in-photonics\/about-hanel-photonics\/\"]}]},{\"@type\":\"BreadcrumbList\",\"@id\":\"https:\/\/winphotonics.com\/index.php\/maximize-your-european-tender-success-in-photonics\/about-hanel-photonics\/#breadcrumb\",\"itemListElement\":[{\"@type\":\"ListItem\",\"position\":1,\"name\":\"Home\",\"item\":\"https:\/\/winphotonics.com\/\"},{\"@type\":\"ListItem\",\"position\":2,\"name\":\"Home\",\"item\":\"https:\/\/winphotonics.com\/\"},{\"@type\":\"ListItem\",\"position\":3,\"name\":\"\u00dcber uns\"}]},{\"@type\":\"WebSite\",\"@id\":\"https:\/\/winphotonics.com\/#website\",\"url\":\"https:\/\/winphotonics.com\/\",\"name\":\"WinPhotonics\",\"description\":\"Strategic Tender Support for Photonics Manufacturers\",\"publisher\":{\"@id\":\"https:\/\/winphotonics.com\/#organization\"},\"potentialAction\":[{\"@type\":\"SearchAction\",\"target\":{\"@type\":\"EntryPoint\",\"urlTemplate\":\"https:\/\/winphotonics.com\/?s={search_term_string}\"},\"query-input\":{\"@type\":\"PropertyValueSpecification\",\"valueRequired\":true,\"valueName\":\"search_term_string\"}}],\"inLanguage\":\"en-US\"},{\"@type\":\"Organization\",\"@id\":\"https:\/\/winphotonics.com\/#organization\",\"name\":\"WinPhotonics\",\"url\":\"https:\/\/winphotonics.com\/\",\"logo\":{\"@type\":\"ImageObject\",\"inLanguage\":\"en-US\",\"@id\":\"https:\/\/winphotonics.com\/#\/schema\/logo\/image\/\",\"url\":\"https:\/\/winphotonics.com\/wp-content\/uploads\/2025\/06\/logo-e1749498514323.png\",\"contentUrl\":\"https:\/\/winphotonics.com\/wp-content\/uploads\/2025\/06\/logo-e1749498514323.png\",\"width\":80,\"height\":80,\"caption\":\"WinPhotonics\"},\"image\":{\"@id\":\"https:\/\/winphotonics.com\/#\/schema\/logo\/image\/\"}}]}<\/script>\n<!-- \/ Yoast SEO plugin. -->","yoast_head_json":{"title":"\u00dcber uns - WinPhotonics","robots":{"index":"index","follow":"follow","max-snippet":"max-snippet:-1","max-image-preview":"max-image-preview:large","max-video-preview":"max-video-preview:-1"},"canonical":"https:\/\/winphotonics.com\/index.php\/maximize-your-european-tender-success-in-photonics\/about-hanel-photonics\/","og_locale":"en_US","og_type":"article","og_title":"\u00dcber uns - WinPhotonics","og_description":"\u00dcber WinPhotonics Bei WinPhotonics sind wir mehr als nur Ausschreibungsberater. Wir sind hochspezialisierte Photonik-Experten, die sich der Aufgabe verschrieben haben, Herstellern dabei zu helfen, entscheidende Ausschreibungen zu gewinnen. Mit einem fundierten Verst\u00e4ndnis der Photonik-Technologie und einem strategischen Blick auf den globalen Markt bringen wir starke technische Expertise, sorgf\u00e4ltige Analyse und klare Kommunikation in Ihre Ausschreibungen [&hellip;]","og_url":"https:\/\/winphotonics.com\/index.php\/maximize-your-european-tender-success-in-photonics\/about-hanel-photonics\/","og_site_name":"WinPhotonics","article_modified_time":"2026-01-18T09:35:43+00:00","twitter_card":"summary_large_image","twitter_misc":{"Est. reading time":"1 minute"},"schema":{"@context":"https:\/\/schema.org","@graph":[{"@type":"WebPage","@id":"https:\/\/winphotonics.com\/index.php\/maximize-your-european-tender-success-in-photonics\/about-hanel-photonics\/","url":"https:\/\/winphotonics.com\/index.php\/maximize-your-european-tender-success-in-photonics\/about-hanel-photonics\/","name":"\u00dcber uns - WinPhotonics","isPartOf":{"@id":"https:\/\/winphotonics.com\/#website"},"datePublished":"2025-06-09T06:58:08+00:00","dateModified":"2026-01-18T09:35:43+00:00","breadcrumb":{"@id":"https:\/\/winphotonics.com\/index.php\/maximize-your-european-tender-success-in-photonics\/about-hanel-photonics\/#breadcrumb"},"inLanguage":"en-US","potentialAction":[{"@type":"ReadAction","target":["https:\/\/winphotonics.com\/index.php\/maximize-your-european-tender-success-in-photonics\/about-hanel-photonics\/"]}]},{"@type":"BreadcrumbList","@id":"https:\/\/winphotonics.com\/index.php\/maximize-your-european-tender-success-in-photonics\/about-hanel-photonics\/#breadcrumb","itemListElement":[{"@type":"ListItem","position":1,"name":"Home","item":"https:\/\/winphotonics.com\/"},{"@type":"ListItem","position":2,"name":"Home","item":"https:\/\/winphotonics.com\/"},{"@type":"ListItem","position":3,"name":"\u00dcber uns"}]},{"@type":"WebSite","@id":"https:\/\/winphotonics.com\/#website","url":"https:\/\/winphotonics.com\/","name":"WinPhotonics","description":"Strategic Tender Support for Photonics Manufacturers","publisher":{"@id":"https:\/\/winphotonics.com\/#organization"},"potentialAction":[{"@type":"SearchAction","target":{"@type":"EntryPoint","urlTemplate":"https:\/\/winphotonics.com\/?s={search_term_string}"},"query-input":{"@type":"PropertyValueSpecification","valueRequired":true,"valueName":"search_term_string"}}],"inLanguage":"en-US"},{"@type":"Organization","@id":"https:\/\/winphotonics.com\/#organization","name":"WinPhotonics","url":"https:\/\/winphotonics.com\/","logo":{"@type":"ImageObject","inLanguage":"en-US","@id":"https:\/\/winphotonics.com\/#\/schema\/logo\/image\/","url":"https:\/\/winphotonics.com\/wp-content\/uploads\/2025\/06\/logo-e1749498514323.png","contentUrl":"https:\/\/winphotonics.com\/wp-content\/uploads\/2025\/06\/logo-e1749498514323.png","width":80,"height":80,"caption":"WinPhotonics"},"image":{"@id":"https:\/\/winphotonics.com\/#\/schema\/logo\/image\/"}}]}},"_links":{"self":[{"href":"https:\/\/winphotonics.com\/index.php\/wp-json\/wp\/v2\/pages\/94","targetHints":{"allow":["GET"]}}],"collection":[{"href":"https:\/\/winphotonics.com\/index.php\/wp-json\/wp\/v2\/pages"}],"about":[{"href":"https:\/\/winphotonics.com\/index.php\/wp-json\/wp\/v2\/types\/page"}],"author":[{"embeddable":true,"href":"https:\/\/winphotonics.com\/index.php\/wp-json\/wp\/v2\/users\/1"}],"replies":[{"embeddable":true,"href":"https:\/\/winphotonics.com\/index.php\/wp-json\/wp\/v2\/comments?post=94"}],"version-history":[{"count":13,"href":"https:\/\/winphotonics.com\/index.php\/wp-json\/wp\/v2\/pages\/94\/revisions"}],"predecessor-version":[{"id":408,"href":"https:\/\/winphotonics.com\/index.php\/wp-json\/wp\/v2\/pages\/94\/revisions\/408"}],"up":[{"embeddable":true,"href":"https:\/\/winphotonics.com\/index.php\/wp-json\/wp\/v2\/pages\/83"}],"wp:attachment":[{"href":"https:\/\/winphotonics.com\/index.php\/wp-json\/wp\/v2\/media?parent=94"}],"curies":[{"name":"wp","href":"https:\/\/api.w.org\/{rel}","templated":true}]}}