{"id":99,"date":"2025-06-09T07:10:33","date_gmt":"2025-06-09T07:10:33","guid":{"rendered":"https:\/\/hanel-photonics.de\/?page_id=99"},"modified":"2025-10-07T06:23:28","modified_gmt":"2025-10-07T06:23:28","slug":"careers","status":"publish","type":"page","link":"https:\/\/winphotonics.com\/index.php\/maximize-your-european-tender-success-in-photonics\/careers\/","title":{"rendered":"Careers"},"content":{"rendered":"\n<p class=\"has-large-font-size\"><strong>Karriere<\/strong><\/p>\n\n\n\n<p class=\"has-medium-font-size\">Bei WinPhotonics unterst\u00fctzen wir Photonik-Hersteller dabei, entscheidende Ausschreibungen in ganz Europa zu gewinnen. Wir suchen Personen, die mit Leidenschaft technisches Fachwissen mit strategischer Marktkenntnis verbinden, um komplexe Ausschreibungsprozesse zu meistern. Wenn Sie bereit sind, innovative Photonik-L\u00f6sungen bei der Sicherung von hoch dotierten Auftr\u00e4gen zu unterst\u00fctzen und zum Wachstum beizutragen, dann informieren Sie sich \u00fcber unser Team.<\/p>\n\n\n\n<p class=\"has-medium-font-size\"><strong>Derzeit sind keine Stellen verf\u00fcgbar.<\/strong><\/p>\n\n\n\n<p><\/p>\n","protected":false},"excerpt":{"rendered":"<p>Karriere Bei WinPhotonics unterst\u00fctzen wir Photonik-Hersteller dabei, entscheidende Ausschreibungen in ganz Europa zu gewinnen. Wir suchen Personen, die mit Leidenschaft technisches Fachwissen mit strategischer Marktkenntnis verbinden, um komplexe Ausschreibungsprozesse zu meistern. Wenn Sie bereit sind, innovative Photonik-L\u00f6sungen bei der Sicherung von hoch dotierten Auftr\u00e4gen zu unterst\u00fctzen und zum Wachstum beizutragen, dann informieren Sie sich \u00fcber [&hellip;]<\/p>\n","protected":false},"author":1,"featured_media":0,"parent":83,"menu_order":0,"comment_status":"closed","ping_status":"closed","template":"","meta":{"footnotes":""},"class_list":["post-99","page","type-page","status-publish","hentry"],"blocksy_meta":[],"yoast_head":"<!-- This site is optimized with the Yoast SEO plugin v26.2 - https:\/\/yoast.com\/wordpress\/plugins\/seo\/ -->\n<title>Careers - WinPhotonics<\/title>\n<meta name=\"robots\" content=\"index, follow, max-snippet:-1, max-image-preview:large, max-video-preview:-1\" \/>\n<link rel=\"canonical\" href=\"https:\/\/winphotonics.com\/index.php\/maximize-your-european-tender-success-in-photonics\/careers\/\" \/>\n<meta property=\"og:locale\" content=\"en_US\" \/>\n<meta property=\"og:type\" content=\"article\" \/>\n<meta property=\"og:title\" content=\"Careers - WinPhotonics\" \/>\n<meta property=\"og:description\" content=\"Karriere Bei WinPhotonics unterst\u00fctzen wir Photonik-Hersteller dabei, entscheidende Ausschreibungen in ganz Europa zu gewinnen. Wir suchen Personen, die mit Leidenschaft technisches Fachwissen mit strategischer Marktkenntnis verbinden, um komplexe Ausschreibungsprozesse zu meistern. Wenn Sie bereit sind, innovative Photonik-L\u00f6sungen bei der Sicherung von hoch dotierten Auftr\u00e4gen zu unterst\u00fctzen und zum Wachstum beizutragen, dann informieren Sie sich \u00fcber [&hellip;]\" \/>\n<meta property=\"og:url\" content=\"https:\/\/winphotonics.com\/index.php\/maximize-your-european-tender-success-in-photonics\/careers\/\" \/>\n<meta property=\"og:site_name\" content=\"WinPhotonics\" \/>\n<meta property=\"article:modified_time\" content=\"2025-10-07T06:23:28+00:00\" \/>\n<meta name=\"twitter:card\" content=\"summary_large_image\" \/>\n<script type=\"application\/ld+json\" class=\"yoast-schema-graph\">{\"@context\":\"https:\/\/schema.org\",\"@graph\":[{\"@type\":\"WebPage\",\"@id\":\"https:\/\/winphotonics.com\/index.php\/maximize-your-european-tender-success-in-photonics\/careers\/\",\"url\":\"https:\/\/winphotonics.com\/index.php\/maximize-your-european-tender-success-in-photonics\/careers\/\",\"name\":\"Careers - WinPhotonics\",\"isPartOf\":{\"@id\":\"https:\/\/winphotonics.com\/#website\"},\"datePublished\":\"2025-06-09T07:10:33+00:00\",\"dateModified\":\"2025-10-07T06:23:28+00:00\",\"breadcrumb\":{\"@id\":\"https:\/\/winphotonics.com\/index.php\/maximize-your-european-tender-success-in-photonics\/careers\/#breadcrumb\"},\"inLanguage\":\"en-US\",\"potentialAction\":[{\"@type\":\"ReadAction\",\"target\":[\"https:\/\/winphotonics.com\/index.php\/maximize-your-european-tender-success-in-photonics\/careers\/\"]}]},{\"@type\":\"BreadcrumbList\",\"@id\":\"https:\/\/winphotonics.com\/index.php\/maximize-your-european-tender-success-in-photonics\/careers\/#breadcrumb\",\"itemListElement\":[{\"@type\":\"ListItem\",\"position\":1,\"name\":\"Home\",\"item\":\"https:\/\/winphotonics.com\/\"},{\"@type\":\"ListItem\",\"position\":2,\"name\":\"Home\",\"item\":\"https:\/\/winphotonics.com\/\"},{\"@type\":\"ListItem\",\"position\":3,\"name\":\"Careers\"}]},{\"@type\":\"WebSite\",\"@id\":\"https:\/\/winphotonics.com\/#website\",\"url\":\"https:\/\/winphotonics.com\/\",\"name\":\"WinPhotonics\",\"description\":\"Strategic Tender Support for Photonics Manufacturers\",\"publisher\":{\"@id\":\"https:\/\/winphotonics.com\/#organization\"},\"potentialAction\":[{\"@type\":\"SearchAction\",\"target\":{\"@type\":\"EntryPoint\",\"urlTemplate\":\"https:\/\/winphotonics.com\/?s={search_term_string}\"},\"query-input\":{\"@type\":\"PropertyValueSpecification\",\"valueRequired\":true,\"valueName\":\"search_term_string\"}}],\"inLanguage\":\"en-US\"},{\"@type\":\"Organization\",\"@id\":\"https:\/\/winphotonics.com\/#organization\",\"name\":\"WinPhotonics\",\"url\":\"https:\/\/winphotonics.com\/\",\"logo\":{\"@type\":\"ImageObject\",\"inLanguage\":\"en-US\",\"@id\":\"https:\/\/winphotonics.com\/#\/schema\/logo\/image\/\",\"url\":\"https:\/\/winphotonics.com\/wp-content\/uploads\/2025\/06\/logo-e1749498514323.png\",\"contentUrl\":\"https:\/\/winphotonics.com\/wp-content\/uploads\/2025\/06\/logo-e1749498514323.png\",\"width\":80,\"height\":80,\"caption\":\"WinPhotonics\"},\"image\":{\"@id\":\"https:\/\/winphotonics.com\/#\/schema\/logo\/image\/\"}}]}<\/script>\n<!-- \/ Yoast SEO plugin. -->","yoast_head_json":{"title":"Careers - WinPhotonics","robots":{"index":"index","follow":"follow","max-snippet":"max-snippet:-1","max-image-preview":"max-image-preview:large","max-video-preview":"max-video-preview:-1"},"canonical":"https:\/\/winphotonics.com\/index.php\/maximize-your-european-tender-success-in-photonics\/careers\/","og_locale":"en_US","og_type":"article","og_title":"Careers - WinPhotonics","og_description":"Karriere Bei WinPhotonics unterst\u00fctzen wir Photonik-Hersteller dabei, entscheidende Ausschreibungen in ganz Europa zu gewinnen. Wir suchen Personen, die mit Leidenschaft technisches Fachwissen mit strategischer Marktkenntnis verbinden, um komplexe Ausschreibungsprozesse zu meistern. Wenn Sie bereit sind, innovative Photonik-L\u00f6sungen bei der Sicherung von hoch dotierten Auftr\u00e4gen zu unterst\u00fctzen und zum Wachstum beizutragen, dann informieren Sie sich \u00fcber [&hellip;]","og_url":"https:\/\/winphotonics.com\/index.php\/maximize-your-european-tender-success-in-photonics\/careers\/","og_site_name":"WinPhotonics","article_modified_time":"2025-10-07T06:23:28+00:00","twitter_card":"summary_large_image","schema":{"@context":"https:\/\/schema.org","@graph":[{"@type":"WebPage","@id":"https:\/\/winphotonics.com\/index.php\/maximize-your-european-tender-success-in-photonics\/careers\/","url":"https:\/\/winphotonics.com\/index.php\/maximize-your-european-tender-success-in-photonics\/careers\/","name":"Careers - WinPhotonics","isPartOf":{"@id":"https:\/\/winphotonics.com\/#website"},"datePublished":"2025-06-09T07:10:33+00:00","dateModified":"2025-10-07T06:23:28+00:00","breadcrumb":{"@id":"https:\/\/winphotonics.com\/index.php\/maximize-your-european-tender-success-in-photonics\/careers\/#breadcrumb"},"inLanguage":"en-US","potentialAction":[{"@type":"ReadAction","target":["https:\/\/winphotonics.com\/index.php\/maximize-your-european-tender-success-in-photonics\/careers\/"]}]},{"@type":"BreadcrumbList","@id":"https:\/\/winphotonics.com\/index.php\/maximize-your-european-tender-success-in-photonics\/careers\/#breadcrumb","itemListElement":[{"@type":"ListItem","position":1,"name":"Home","item":"https:\/\/winphotonics.com\/"},{"@type":"ListItem","position":2,"name":"Home","item":"https:\/\/winphotonics.com\/"},{"@type":"ListItem","position":3,"name":"Careers"}]},{"@type":"WebSite","@id":"https:\/\/winphotonics.com\/#website","url":"https:\/\/winphotonics.com\/","name":"WinPhotonics","description":"Strategic Tender Support for Photonics Manufacturers","publisher":{"@id":"https:\/\/winphotonics.com\/#organization"},"potentialAction":[{"@type":"SearchAction","target":{"@type":"EntryPoint","urlTemplate":"https:\/\/winphotonics.com\/?s={search_term_string}"},"query-input":{"@type":"PropertyValueSpecification","valueRequired":true,"valueName":"search_term_string"}}],"inLanguage":"en-US"},{"@type":"Organization","@id":"https:\/\/winphotonics.com\/#organization","name":"WinPhotonics","url":"https:\/\/winphotonics.com\/","logo":{"@type":"ImageObject","inLanguage":"en-US","@id":"https:\/\/winphotonics.com\/#\/schema\/logo\/image\/","url":"https:\/\/winphotonics.com\/wp-content\/uploads\/2025\/06\/logo-e1749498514323.png","contentUrl":"https:\/\/winphotonics.com\/wp-content\/uploads\/2025\/06\/logo-e1749498514323.png","width":80,"height":80,"caption":"WinPhotonics"},"image":{"@id":"https:\/\/winphotonics.com\/#\/schema\/logo\/image\/"}}]}},"_links":{"self":[{"href":"https:\/\/winphotonics.com\/index.php\/wp-json\/wp\/v2\/pages\/99","targetHints":{"allow":["GET"]}}],"collection":[{"href":"https:\/\/winphotonics.com\/index.php\/wp-json\/wp\/v2\/pages"}],"about":[{"href":"https:\/\/winphotonics.com\/index.php\/wp-json\/wp\/v2\/types\/page"}],"author":[{"embeddable":true,"href":"https:\/\/winphotonics.com\/index.php\/wp-json\/wp\/v2\/users\/1"}],"replies":[{"embeddable":true,"href":"https:\/\/winphotonics.com\/index.php\/wp-json\/wp\/v2\/comments?post=99"}],"version-history":[{"count":5,"href":"https:\/\/winphotonics.com\/index.php\/wp-json\/wp\/v2\/pages\/99\/revisions"}],"predecessor-version":[{"id":329,"href":"https:\/\/winphotonics.com\/index.php\/wp-json\/wp\/v2\/pages\/99\/revisions\/329"}],"up":[{"embeddable":true,"href":"https:\/\/winphotonics.com\/index.php\/wp-json\/wp\/v2\/pages\/83"}],"wp:attachment":[{"href":"https:\/\/winphotonics.com\/index.php\/wp-json\/wp\/v2\/media?parent=99"}],"curies":[{"name":"wp","href":"https:\/\/api.w.org\/{rel}","templated":true}]}}